{"id":107,"date":"2024-09-25T10:38:17","date_gmt":"2024-09-25T08:38:17","guid":{"rendered":"https:\/\/directcompta.be\/?page_id=107"},"modified":"2024-09-26T12:25:55","modified_gmt":"2024-09-26T10:25:55","slug":"politique-de-confidentialite","status":"publish","type":"page","link":"https:\/\/directcompta.be\/index.php\/politique-de-confidentialite\/","title":{"rendered":"Politique de Confidentialit\u00e9"},"content":{"rendered":"<p>[et_pb_section fb_built=&#8221;1&#8243; _builder_version=&#8221;4.27.0&#8243; _module_preset=&#8221;default&#8221; background_color=&#8221;gcid-67c07f3c-e2cd-46ef-8b2e-c5c6b4eac49e&#8221; global_colors_info=&#8221;{%22gcid-67c07f3c-e2cd-46ef-8b2e-c5c6b4eac49e%22:%91%22background_color%22%93}&#8221;][et_pb_row _builder_version=&#8221;4.27.0&#8243; _module_preset=&#8221;default&#8221; global_colors_info=&#8221;{}&#8221;][et_pb_column type=&#8221;4_4&#8243; _builder_version=&#8221;4.27.0&#8243; _module_preset=&#8221;default&#8221; global_colors_info=&#8221;{}&#8221;][et_pb_text quote_border_color=&#8221;#00E785&#8243; _builder_version=&#8221;4.27.0&#8243; _module_preset=&#8221;default&#8221; global_colors_info=&#8221;{}&#8221;]<\/p>\n<h1><span>Politique de Confidentialit\u00e9<\/span><\/h1>\n<blockquote>\n<p><span>Derni\u00e8re mise \u00e0 jour le 25-septembre-2024 <\/span><br \/><span>Date d&#8217;entr\u00e9e en vigueur : 25-septembre-2024<\/span><\/p>\n<\/blockquote>\n<p><span>Cette Politique de Confidentialit\u00e9 d\u00e9crit les politiques de Direct Compta, Rue Perlinghi, \u00c9caussinnes 97190, Belgique, email : <\/span><a rel=\"noopener\"><span>info<\/span><span>@directcompta<\/span><span>.be<\/span><\/a><span> , t\u00e9l\u00e9phone : 04 95 68 76 88 concernant la collecte, l&#8217;utilisation et la divulgation de vos informations que nous collectons lorsque vous utilisez notre site web ( <\/span><a href=\"https:\/\/directcompta.be\/\"><span>https <\/span><span>:\/\/directcompta <\/span><span>.be\/<\/span><\/a><span> ) (le \u00ab Service \u00bb). En acc\u00e9dant ou en utilisant le Service, vous consentez \u00e0 la collecte, \u00e0 l&#8217;utilisation et \u00e0 la divulgation de vos informations conform\u00e9ment \u00e0 cette Politique de Confidentialit\u00e9. Si vous n&#8217;y consentez pas, veuillez ne pas ni utiliser le Service.<\/span><\/p>\n<p><span>Nous nous r\u00e9servons le droit de modifier cette Politique de Confidentialit\u00e9 \u00e0 tout moment sans pr\u00e9avis. Nous publions la Politique de Confidentialit\u00e9 r\u00e9vis\u00e9e sur le Service. La politique r\u00e9vis\u00e9e prendra effet 180 jours apr\u00e8s sa publication sur le Service, et votre acc\u00e8s ou utilisation continue du Service apr\u00e8s cette p\u00e9riode constituera votre acceptation de la Politique de Confidentialit\u00e9 r\u00e9vis\u00e9e. Nous vous recommandons donc de consulter r\u00e9guli\u00e8rement cette page.<\/span><\/p>\n<blockquote>\n<h3><span>Informations que nous collectons :<\/span><\/h3>\n<\/blockquote>\n<p><span>Nous collectons et traitons les informations personnelles suivantes \u00e0 votre sujet :<\/span><\/p>\n<ul>\n<li><span>Nom<\/span><\/li>\n<li><span>E-mail<\/span><\/li>\n<li><span>T\u00e9l\u00e9phone mobile<\/span><\/li>\n<li><span>Adresse<\/span><\/li>\n<\/ul>\n<blockquote>\n<h3><span>Utilisation de vos informations :<\/span><\/h3>\n<\/blockquote>\n<p><span>Nous utiliserons les informations que nous collectons \u00e0 votre sujet pour les finalit\u00e9s suivantes :<\/span><\/p>\n<ul>\n<li><span>Gestion des commandes clients<\/span><\/li>\n<\/ul>\n<p><span>Si nous souhaitons utiliser vos informations \u00e0 d&#8217;autres fins, nous solliciterons votre consentement et n&#8217;utiliserons vos informations qu&#8217;apr\u00e8s l&#8217;obtention de votre consentement, et uniquement pour les finalit\u00e9s pour lesquelles le consentement a \u00e9t\u00e9 donn\u00e9, sauf si la loi nous obliger \u00e0 faire autrement.<\/span><\/p>\n<blockquote>\n<h3><span>Conservation de vos informations :<\/span><\/h3>\n<\/blockquote>\n<p><span>Nous conservons vos informations personnelles pendant une p\u00e9riode de 90 jours \u00e0 2 ans apr\u00e8s que les comptes utilisateurs soient rest\u00e9s inactifs ou aussi longtemps que n\u00e9cessaire pour atteindre les objectifs pour lesquels ils ont \u00e9t\u00e9 collect\u00e9s, comme d\u00e9taill\u00e9 dans cette Politique de Confidentialit\u00e9. Nous devons obligatoirement conserver certaines informations pour des p\u00e9riodes plus longues, par exemple pour la tenue de registres ou le respect des lois en vigueur, ou pour d&#8217;autres raisons l\u00e9gitimes telles que l&#8217;application des droits l\u00e9gaux, la pr\u00e9vention de la fraude, etc. . Les informations anonymes r\u00e9siduelles et agr\u00e9g\u00e9es, qui ne vous identifient ni directement ni indirectement, peuvent \u00eatre distribu\u00e9es ind\u00e9finiment.<\/span><\/p>\n<blockquote>\n<h3><span>Vos droits :<\/span><\/h3>\n<\/blockquote>\n<p><span>En fonction de la loi applicable, vous pouvez avoir le droit d&#8217;acc\u00e9der, de rectifier ou de supprimer vos donn\u00e9es personnelles, de recevoir une copie de vos donn\u00e9es personnelles, de restreindre ou de vous opposer au traitement actif de vos donn\u00e9es, de nous demander de transf\u00e9rer (porter) vos informations personnelles \u00e0 une autre entit\u00e9, de retirer tout consentement que vous nous avez donn\u00e9 pour traiter vos donn\u00e9es, de d\u00e9poser une plainte aupr\u00e8s d&#8217;une autorit\u00e9 statutaire, ainsi que d&#8217;autres droits pertinents selon les lois en vigueur . Pour exercer ces droits, vous pouvez nous \u00e9crire \u00e0 <\/span><a rel=\"noopener\"><span>info<\/span><span>@directcompta<\/span><span>.be<\/span><\/a><span> . Nous r\u00e9pondrons \u00e0 votre demande conform\u00e9ment \u00e0 la loi applicable.<\/span><\/p>\n<p><span>Veuillez noter que si vous ne nous autorisez pas \u00e0 collecter ou \u00e0 traiter les informations personnelles requises, ou si vous retirez votre consentement \u00e0 leur traitement pour les finalit\u00e9s requises, vous pourriez ne pas \u00eatre en mesure d&#8217;acc\u00e9der ou d&#8217;utiliser les services pour dont ces informations \u00e9taient n\u00e9cessaires.<\/span><\/p>\n<blockquote>\n<h3><span>Cookies et autres technologies similaires :<\/span><\/h3>\n<\/blockquote>\n<p><span>Pour en savoir plus sur la fa\u00e7on dont nous utilisons ces technologies et vos choix en relation avec celles-ci, veuillez vous r\u00e9f\u00e9rer \u00e0 notre Politique relative aux cookies.<\/span><\/p>\n<blockquote>\n<h3><span>S\u00e9curit\u00e9 :<\/span><\/h3>\n<\/blockquote>\n<p><span>La s\u00e9curit\u00e9 de vos informations est importante pour nous, et nous mettrons en \u0153uvre des mesures de s\u00e9curit\u00e9 raisonnables pour pr\u00e9venir la perte, l&#8217;utilisation abusive ou la modification non autoris\u00e9e de vos informations sous notre contr\u00f4le. Cependant, compte tenu des risques inh\u00e9rents, nous ne pouvons garantir une s\u00e9curit\u00e9 absolue, et par cons\u00e9quent, nous ne pouvons assurer ou garantir la s\u00e9curit\u00e9 des informations que vous nous transmettez ; vous le faites \u00e0 vos propres risques.<\/span><\/p>\n<blockquote>\n<h3><span>Liens vers des niveaux et utilisation de vos informations :<\/span><\/h3>\n<\/blockquote>\n<p><span>Notre Service peut contenir des liens vers d&#8217;autres sites web qui ne sont pas exploit\u00e9s par nous. Cette Politique de Confidentialit\u00e9 ne couvre pas la politique de confidentialit\u00e9 et les autres pratiques de tout tiers, y compris tout tiers exploitant un site web ou un service accessible via un lien sur notre Service. Nous vous conseillons vivement de consulter la politique de confidentialit\u00e9 de chaque site que vous visitez. Nous n&#8217;avons aucun contr\u00f4le sur, et n&#8217;assumons aucune responsabilit\u00e9 pour le contenu, les politiques de confidentialit\u00e9 ou les pratiques de tout site ou niveaux de service.<\/span><\/p>\n<blockquote>\n<h3><span>D\u00e9l\u00e9gu\u00e9 \u00e0 la protection des donn\u00e9es \/ R\u00e9clamations :<\/span><\/h3>\n<\/blockquote>\n<p><span>Si vous avez des questions ou des pr\u00e9occupations concernant le traitement de vos informations, vous pouvez envoyer un email \u00e0 notre D\u00e9l\u00e9gu\u00e9 \u00e0 la protection des donn\u00e9es \u00e0 Direct Compta, Rue Perlinghi, email : <\/span><a rel=\"noopener\"><span>info<\/span><span>@directcompta<\/span><span>.be<\/span><\/a><span> . Nous r\u00e9pondrons \u00e0 vos pr\u00e9occupations conform\u00e9ment \u00e0 la loi applicable.<\/span><\/p>\n<p><span>Politique de Confidentialit\u00e9 n\u00e9e avec CookieYes.<\/span><\/p>\n<p>[\/et_pb_text][et_pb_button button_url=&#8221;https:\/\/directcompta.be\/&#8221; button_text=&#8221;Retour en page d&#8217;accueil &#8221; button_alignment=&#8221;left&#8221; _builder_version=&#8221;4.27.0&#8243; _module_preset=&#8221;default&#8221; custom_button=&#8221;on&#8221; button_text_color=&#8221;#FFFFFF&#8221; button_bg_color=&#8221;gcid-930ff8ca-fd27-4886-abcb-6632e87342d5&#8243; button_border_width=&#8221;0px&#8221; button_border_radius=&#8221;30px&#8221; button_font=&#8221;|700|||||||&#8221; locked=&#8221;off&#8221; global_colors_info=&#8221;{%22gcid-930ff8ca-fd27-4886-abcb-6632e87342d5%22:%91%22button_bg_color%22%93}&#8221; button_text_size__hover_enabled=&#8221;on|desktop&#8221; button_text_size__hover=&#8221;22px&#8221;][\/et_pb_button][\/et_pb_column][\/et_pb_row][\/et_pb_section]<\/p>\n","protected":false},"excerpt":{"rendered":"<p>Politique de Confidentialit\u00e9 Derni\u00e8re mise \u00e0 jour le 25-septembre-2024 Date d&#8217;entr\u00e9e en vigueur : 25-septembre-2024 Cette Politique de Confidentialit\u00e9 d\u00e9crit les politiques de Direct Compta, Rue Perlinghi, \u00c9caussinnes 97190, Belgique, email : info@directcompta.be , t\u00e9l\u00e9phone : 04 95 68 76 88 concernant la collecte, l&#8217;utilisation et la divulgation de vos informations que nous collectons lorsque vous utilisez notre site web ( https :\/\/directcompta .be\/ ) (le \u00ab Service \u00bb). En acc\u00e9dant ou en utilisant le Service, vous consentez \u00e0 la collecte, \u00e0 l&#8217;utilisation et \u00e0 la divulgation de vos informations conform\u00e9ment \u00e0 cette Politique de Confidentialit\u00e9. Si vous n&#8217;y consentez pas, veuillez ne pas ni utiliser le Service. Nous nous r\u00e9servons le droit de modifier cette Politique de Confidentialit\u00e9 \u00e0 tout moment sans pr\u00e9avis. Nous publions la Politique de Confidentialit\u00e9 r\u00e9vis\u00e9e sur le Service. La politique r\u00e9vis\u00e9e prendra effet 180 jours apr\u00e8s sa publication sur le Service, et votre acc\u00e8s ou utilisation continue du Service apr\u00e8s cette p\u00e9riode constituera votre acceptation de la Politique de Confidentialit\u00e9 r\u00e9vis\u00e9e. Nous vous recommandons donc de consulter r\u00e9guli\u00e8rement cette page. Informations que nous collectons : Nous collectons et traitons les informations personnelles suivantes \u00e0 votre sujet : Nom E-mail T\u00e9l\u00e9phone mobile Adresse Utilisation de [&hellip;]<\/p>\n","protected":false},"author":1,"featured_media":0,"parent":0,"menu_order":0,"comment_status":"closed","ping_status":"closed","template":"","meta":{"_et_pb_use_builder":"on","_et_pb_old_content":"","_et_gb_content_width":"","inline_featured_image":false,"footnotes":""},"class_list":["post-107","page","type-page","status-publish","hentry"],"_links":{"self":[{"href":"https:\/\/directcompta.be\/index.php\/wp-json\/wp\/v2\/pages\/107","targetHints":{"allow":["GET"]}}],"collection":[{"href":"https:\/\/directcompta.be\/index.php\/wp-json\/wp\/v2\/pages"}],"about":[{"href":"https:\/\/directcompta.be\/index.php\/wp-json\/wp\/v2\/types\/page"}],"author":[{"embeddable":true,"href":"https:\/\/directcompta.be\/index.php\/wp-json\/wp\/v2\/users\/1"}],"replies":[{"embeddable":true,"href":"https:\/\/directcompta.be\/index.php\/wp-json\/wp\/v2\/comments?post=107"}],"version-history":[{"count":5,"href":"https:\/\/directcompta.be\/index.php\/wp-json\/wp\/v2\/pages\/107\/revisions"}],"predecessor-version":[{"id":192,"href":"https:\/\/directcompta.be\/index.php\/wp-json\/wp\/v2\/pages\/107\/revisions\/192"}],"wp:attachment":[{"href":"https:\/\/directcompta.be\/index.php\/wp-json\/wp\/v2\/media?parent=107"}],"curies":[{"name":"wp","href":"https:\/\/api.w.org\/{rel}","templated":true}]}}