{"id":188,"date":"2024-09-26T12:23:35","date_gmt":"2024-09-26T10:23:35","guid":{"rendered":"https:\/\/directcompta.be\/?page_id=188"},"modified":"2024-09-26T12:23:43","modified_gmt":"2024-09-26T10:23:43","slug":"mentions-legales","status":"publish","type":"page","link":"https:\/\/directcompta.be\/index.php\/mentions-legales\/","title":{"rendered":"Mentions l\u00e9gales"},"content":{"rendered":"<p>[et_pb_section fb_built=&#8221;1&#8243; _builder_version=&#8221;4.27.0&#8243; _module_preset=&#8221;default&#8221; background_color=&#8221;gcid-67c07f3c-e2cd-46ef-8b2e-c5c6b4eac49e&#8221; global_colors_info=&#8221;{%22gcid-67c07f3c-e2cd-46ef-8b2e-c5c6b4eac49e%22:%91%22background_color%22%93}&#8221; locked=&#8221;off&#8221; theme_builder_area=&#8221;post_content&#8221;][et_pb_row _builder_version=&#8221;4.27.0&#8243; _module_preset=&#8221;default&#8221; global_colors_info=&#8221;{}&#8221; theme_builder_area=&#8221;post_content&#8221;][et_pb_column type=&#8221;4_4&#8243; _builder_version=&#8221;4.27.0&#8243; _module_preset=&#8221;default&#8221; global_colors_info=&#8221;{}&#8221; theme_builder_area=&#8221;post_content&#8221;][et_pb_text quote_border_color=&#8221;#00E785&#8243; _builder_version=&#8221;4.27.0&#8243; _module_preset=&#8221;default&#8221; hover_enabled=&#8221;0&#8243; global_colors_info=&#8221;{}&#8221; theme_builder_area=&#8221;post_content&#8221; sticky_enabled=&#8221;0&#8243;]<\/p>\n<h1><span>Mentions L\u00e9gales<\/span><\/h1>\n<blockquote>\n<h3><span>1. Pr\u00e9sentation du site<\/span><\/h3>\n<\/blockquote>\n<p><span>Le site internet <\/span><strong><span>directcompta.be<\/span><\/strong><span> est \u00e9dit\u00e9 par :<\/span><\/p>\n<ul>\n<li><strong><span>Nom du propri\u00e9taire<\/span><\/strong><span> : Olivier Goffi<\/span><\/li>\n<li><strong><span>Adresse <\/span><\/strong><span><a rel=\"noopener\">email<\/a> : <\/span><a rel=\"noopener\"><span>info@directcompta.be<\/span><span>\u200b<\/span><span><\/span><\/a><\/li>\n<li><strong><span>Num\u00e9ro de t\u00e9l\u00e9phone<\/span><\/strong><span> : 0495 68 76 88<\/span><\/li>\n<li><strong><span>Adresse<\/span><\/strong><span><span> : <\/span><\/span>Rue Perlinghi 9, <span class=\"fMYBhe\">7190 \u00c9caussinnes, Belgique<\/span><\/li>\n<\/ul>\n<blockquote>\n<h3><span>2. H\u00e9bergement<\/span><\/h3>\n<\/blockquote>\n<p><span>Le site <\/span><strong><span>directcompta.be<\/span><\/strong><span> est h\u00e9berg\u00e9 par :<\/span><\/p>\n<ul>\n<li><strong><span>H\u00e9bergeur<\/span><\/strong><span> : OVH<\/span><\/li>\n<li><strong><span>Adresse<\/span><\/strong><span> : 2 rue Kellermann, 59100 Roubaix, France<\/span><\/li>\n<li><strong><span>T\u00e9l\u00e9phone<\/span><\/strong><span> : +33 9 72 10 10 07<\/span><\/li>\n<\/ul>\n<blockquote>\n<h3><span>3. Propri\u00e9t\u00e9 intellectuelle<\/span><\/h3>\n<\/blockquote>\n<p><span>L&#8217;ensemble des contenus pr\u00e9sents sur le site <\/span><strong><span>directcompta.be<\/span><\/strong><span> (textes, images, logos, etc.) sont la propri\u00e9t\u00e9 exclusive d&#8217; <\/span><strong><span>Olivier Goffi<\/span><\/strong><span> , sauf mention contraire. Toute reproduction, distribution, modification, retransmission ou publication de ces diff\u00e9rents \u00e9l\u00e9ments est strictement interdite sans l&#8217;accord pr\u00e9alable \u00e9crit du propri\u00e9taire du site.<\/span><\/p>\n<blockquote>\n<h3><span>4. Responsabilit\u00e9<\/span><\/h3>\n<\/blockquote>\n<p><strong><span>Olivier Goffi<\/span><\/strong><span> , propri\u00e9taire du site <\/span><strong><span>directcompta.be<\/span><\/strong><span> , s&#8217;efforce d&#8217;assurer l&#8217;exactitude des informations publi\u00e9es sur le site. Cependant, il ne saurait \u00eatre tenu responsable des erreurs, omissions ou inexactitudes \u00e9ventuelles pr\u00e9sentes sur le site. <\/span><br \/><strong><span>Olivier Goffi<\/span><\/strong><span> d\u00e9cline toute responsabilit\u00e9 quant \u00e0 l&#8217;utilisation qui pourrait \u00eatre faite des informations et contenus pr\u00e9sents sur le site <\/span><strong><span>directcompta.be<\/span><\/strong><span> , ainsi que des dommages directs ou indirects pouvant en d\u00e9couler.<\/span><\/p>\n<blockquote>\n<h3><span>5. s&#8217;\u00e9carter<\/span><\/h3>\n<\/blockquote>\n<p><span>Les informations recueillies via les formulaires pr\u00e9sents sur le site <\/span><strong><span>directcompta.be<\/span><\/strong><span> sont destin\u00e9es \u00e0 l&#8217;usage exclusif de <\/span><strong><span>Olivier Goffi<\/span><\/strong><span> . Conform\u00e9ment \u00e0 la l\u00e9gislation en vigueur, vous disposez d&#8217;un droit d&#8217;acc\u00e8s, de modification et de suppression des donn\u00e9es vous concernant en contactant le responsable \u00e0 l&#8217;adresse <\/span><strong><a rel=\"noopener\"><span>info<\/span><span>@directcompta<\/span><span>.be<\/span><\/a><\/strong><span> .<\/span><\/p>\n<blockquote>\n<h3><span>6. Cookies<\/span><\/h3>\n<\/blockquote>\n<p><span>Le site <\/span><strong><span>directcompta.be<\/span><\/strong><span> utilise des cookies pour am\u00e9liorer l&#8217;exp\u00e9rience utilisateur et pour collecter des statistiques d&#8217;utilisation. Vous pouvez \u00e0 tout moment d\u00e9sactiver les cookies depuis les param\u00e8tres de votre navigateur.<\/span><\/p>\n<blockquote>\n<h3><span>7. Droit applicable<\/span><\/h3>\n<\/blockquote>\n<p><span>Les pr\u00e9sentes mentions l\u00e9gales sont r\u00e9gies par le droit belge. En cas de litige, et \u00e0 d\u00e9faut de r\u00e9solution amiable, les tribunaux belges seront seuls comp\u00e9tents pour trancher le diff\u00e9rend.<\/span><\/p>\n<p>[\/et_pb_text][et_pb_button button_url=&#8221;https:\/\/directcompta.be\/&#8221; button_text=&#8221;Retour en page d&#8217;accueil &#8221; button_alignment=&#8221;left&#8221; _builder_version=&#8221;4.27.0&#8243; _module_preset=&#8221;default&#8221; custom_button=&#8221;on&#8221; button_text_color=&#8221;#FFFFFF&#8221; button_bg_color=&#8221;gcid-930ff8ca-fd27-4886-abcb-6632e87342d5&#8243; button_border_width=&#8221;0px&#8221; button_border_radius=&#8221;30px&#8221; button_font=&#8221;|700|||||||&#8221; locked=&#8221;off&#8221; global_colors_info=&#8221;{%22gcid-930ff8ca-fd27-4886-abcb-6632e87342d5%22:%91%22button_bg_color%22%93}&#8221; button_text_size__hover_enabled=&#8221;on|desktop&#8221; button_text_size__hover=&#8221;22px&#8221; theme_builder_area=&#8221;post_content&#8221;][\/et_pb_button][\/et_pb_column][\/et_pb_row][\/et_pb_section]<\/p>\n","protected":false},"excerpt":{"rendered":"<p>Mentions L\u00e9gales 1. Pr\u00e9sentation du site Le site internet directcompta.be est \u00e9dit\u00e9 par : Nom du propri\u00e9taire : Olivier Goffi Adresse email : info@directcompta.be\u200b Num\u00e9ro de t\u00e9l\u00e9phone : 0495 68 76 88 Adresse : Rue Perlinghi 9, 7190 \u00c9caussinnes, Belgique 2. H\u00e9bergement Le site directcompta.be est h\u00e9berg\u00e9 par : H\u00e9bergeur : OVH Adresse : 2 rue Kellermann, 59100 Roubaix, France T\u00e9l\u00e9phone : +33 9 72 10 10 07 3. Propri\u00e9t\u00e9 intellectuelle L&#8217;ensemble des contenus pr\u00e9sents sur le site directcompta.be (textes, images, logos, etc.) sont la propri\u00e9t\u00e9 exclusive d&#8217; Olivier Goffi , sauf mention contraire. Toute reproduction, distribution, modification, retransmission ou publication de ces diff\u00e9rents \u00e9l\u00e9ments est strictement interdite sans l&#8217;accord pr\u00e9alable \u00e9crit du propri\u00e9taire du site. 4. Responsabilit\u00e9 Olivier Goffi , propri\u00e9taire du site directcompta.be , s&#8217;efforce d&#8217;assurer l&#8217;exactitude des informations publi\u00e9es sur le site. Cependant, il ne saurait \u00eatre tenu responsable des erreurs, omissions ou inexactitudes \u00e9ventuelles pr\u00e9sentes sur le site. Olivier Goffi d\u00e9cline toute responsabilit\u00e9 quant \u00e0 l&#8217;utilisation qui pourrait \u00eatre faite des informations et contenus pr\u00e9sents sur le site directcompta.be , ainsi que des dommages directs ou indirects pouvant en d\u00e9couler. 5. s&#8217;\u00e9carter Les informations recueillies via les formulaires pr\u00e9sents sur le site directcompta.be sont destin\u00e9es \u00e0 [&hellip;]<\/p>\n","protected":false},"author":1,"featured_media":0,"parent":0,"menu_order":0,"comment_status":"closed","ping_status":"closed","template":"","meta":{"_et_pb_use_builder":"on","_et_pb_old_content":"","_et_gb_content_width":"","inline_featured_image":false,"footnotes":""},"class_list":["post-188","page","type-page","status-publish","hentry"],"_links":{"self":[{"href":"https:\/\/directcompta.be\/index.php\/wp-json\/wp\/v2\/pages\/188","targetHints":{"allow":["GET"]}}],"collection":[{"href":"https:\/\/directcompta.be\/index.php\/wp-json\/wp\/v2\/pages"}],"about":[{"href":"https:\/\/directcompta.be\/index.php\/wp-json\/wp\/v2\/types\/page"}],"author":[{"embeddable":true,"href":"https:\/\/directcompta.be\/index.php\/wp-json\/wp\/v2\/users\/1"}],"replies":[{"embeddable":true,"href":"https:\/\/directcompta.be\/index.php\/wp-json\/wp\/v2\/comments?post=188"}],"version-history":[{"count":3,"href":"https:\/\/directcompta.be\/index.php\/wp-json\/wp\/v2\/pages\/188\/revisions"}],"predecessor-version":[{"id":191,"href":"https:\/\/directcompta.be\/index.php\/wp-json\/wp\/v2\/pages\/188\/revisions\/191"}],"wp:attachment":[{"href":"https:\/\/directcompta.be\/index.php\/wp-json\/wp\/v2\/media?parent=188"}],"curies":[{"name":"wp","href":"https:\/\/api.w.org\/{rel}","templated":true}]}}